{"id":22,"date":"2013-10-25T14:58:10","date_gmt":"2013-10-25T12:58:10","guid":{"rendered":"http:\/\/localhost:8080\/wordpress\/?page_id=22"},"modified":"2014-04-02T09:27:21","modified_gmt":"2014-04-02T07:27:21","slug":"contact","status":"publish","type":"page","link":"https:\/\/jeitz-goerens.lu\/de\/contact\/","title":{"rendered":"Kontakt"},"content":{"rendered":"<p>&nbsp;<\/p>\n<p>&nbsp;<\/p>\n<p><div class=\"symple-column symple-one-third symple-column-first \"><\/div> Die Kanzlei JEITZ &amp; GOERENS befindet sich an der Adresse 20, boulevard de la Foire, L-1528 Luxemburg, zwischen der Place du Glacis und dem Stadtpark Edouard Andr\u00e9. Wir verf\u00fcgen \u00fcber einen Parkplatz f\u00fcr unsere Mandanten (in dem Innenhof) vor ihrem Haupteingang. Der Parkplatz \u201eGlacis\u201c kann ebenfalls genutzt werden.<\/p>\n<p>T\u00a0: (+352) <strong>45 32 68 \u2013 1<\/strong> F\u00a0: (+352) 26 44 01 04 E\u00a0: <a href=\"mailto:info@jeitz-goerens.lu\">info@jeitz-goerens.lu<\/a> <\/div> <div class=\"symple-column symple-two-third symple-column-last \"> <iframe loading=\"lazy\" src=\"https:\/\/maps.google.com\/maps?f=q&amp;source=s_q&amp;hl=fr&amp;geocode=&amp;q=JEITZ+%26+GOERENS+-+Avocats+%C3%A0+la+Cour,+Luxembourg&amp;aq=1&amp;oq=jeitz&amp;sll=49.615374,6.122871&amp;sspn=0.003072,0.004029&amp;t=m&amp;gl=US&amp;ie=UTF8&amp;hq=JEITZ+%26+GOERENS+-+Avocats+%C3%A0+la+Cour,&amp;hnear=Luxembourg&amp;ll=49.615374,6.122871&amp;spn=0.002172,0.004029&amp;z=14&amp;iwloc=A&amp;cid=1111603802937032801&amp;output=embed\" height=\"415\" width=\"100%\" frameborder=\"0\" marginwidth=\"0\" marginheight=\"0\" scrolling=\"no\"><\/iframe> <\/div> <iframe loading=\"lazy\" style=\"border: 0;\" src=\"https:\/\/www.google.com\/maps\/embed?pb=!1m18!1m12!1m3!1d730.673753945802!2d6.1231887650085755!3d49.61543974844793!2m3!1f0!2f0!3f0!3m2!1i1024!2i768!4f13.1!3m3!1m2!1s0x0%3A0xf6d35c4ed090061!2sJEITZ+%26+GOERENS+-+Avocats+%C3%A0+la+Cour!5e1!3m2!1sen!2s!4v1385973477169\" height=\"415\" width=\"100%\" frameborder=\"0\"><\/iframe><\/p>","protected":false},"excerpt":{"rendered":"<p>Leider ist der Eintrag nur auf FR verf\u00fcgbar.<\/p>\n","protected":false},"author":2,"featured_media":0,"parent":0,"menu_order":70,"comment_status":"closed","ping_status":"closed","template":"templates\/fullwidth.php","meta":{"footnotes":""},"class_list":["post-22","page","type-page","status-publish","hentry"],"_links":{"self":[{"href":"https:\/\/jeitz-goerens.lu\/de\/wp-json\/wp\/v2\/pages\/22","targetHints":{"allow":["GET"]}}],"collection":[{"href":"https:\/\/jeitz-goerens.lu\/de\/wp-json\/wp\/v2\/pages"}],"about":[{"href":"https:\/\/jeitz-goerens.lu\/de\/wp-json\/wp\/v2\/types\/page"}],"author":[{"embeddable":true,"href":"https:\/\/jeitz-goerens.lu\/de\/wp-json\/wp\/v2\/users\/2"}],"replies":[{"embeddable":true,"href":"https:\/\/jeitz-goerens.lu\/de\/wp-json\/wp\/v2\/comments?post=22"}],"version-history":[{"count":15,"href":"https:\/\/jeitz-goerens.lu\/de\/wp-json\/wp\/v2\/pages\/22\/revisions"}],"predecessor-version":[{"id":394,"href":"https:\/\/jeitz-goerens.lu\/de\/wp-json\/wp\/v2\/pages\/22\/revisions\/394"}],"wp:attachment":[{"href":"https:\/\/jeitz-goerens.lu\/de\/wp-json\/wp\/v2\/media?parent=22"}],"curies":[{"name":"wp","href":"https:\/\/api.w.org\/{rel}","templated":true}]}}