{"id":548,"date":"2021-08-10T15:39:11","date_gmt":"2021-08-10T13:39:11","guid":{"rendered":"https:\/\/jeitz-goerens.lu\/?page_id=548"},"modified":"2023-05-04T11:40:01","modified_gmt":"2023-05-04T09:40:01","slug":"jean-luc-schaus","status":"publish","type":"page","link":"https:\/\/jeitz-goerens.lu\/de\/team\/jean-luc-schaus\/","title":{"rendered":"Jean-Luc SCHAUS"},"content":{"rendered":"<div class=\"symple-column symple-two-third symple-column-first \">\r\n\r\n<figure class=\"wp-block-image\"><img decoding=\"async\" src=\"https:\/\/jeitz-goerens.lu\/WordPress3\/wp-content\/uploads\/2021\/08\/ETUDE2021_DSCF1426.jpg\" \/><br \/><\/figure>\r\n<p>&nbsp;<\/p>\r\n<p>Jean-Luc Schaus ist seit Juli 2021 in der Kanzlei JEITZ &amp; GOERENS t\u00e4tig. Jean-Luc ist auf Gesellschafts- und Handelsrecht spezialisiert und bearbeitet dar\u00fcber hinaus Streitigkeiten im Verwaltungsrecht (u.a. Steuerstreitigkeiten im Zusammenhang mit direkten Steuern, Mehrwertsteuer sowie Verbrauchsteuern), sowie im allgemeinen Regulierungsrecht, Transport- und Energierecht.<span class=\"Apple-converted-space\">\u00a0<\/span><\/p>\r\n<p>Zu seinen Mandanten geh\u00f6ren u.a. Unternehmen aus den Bereichen Energie, Luftfahrt, und Industrie.<\/p>\r\n<p>Jean-Luc Schaus ist seit 1999 Mitglied der Luxemburger Anwaltskammer und studierte Rechtswissenschaften an der Universit\u00e4t Robert-Schuman in Stra\u00dfburg. Daneben absolvierte er einen LL.M. in internationalem Wirtschaftsrecht an der juristischen Fakult\u00e4t der Duke Law School, Durham N.C., USA<\/p>\r\n<p>Jean-Luc Schaus ist Mitglied der European Air Law Association (EALA) und Mitglied der International Fiscal Association (IFA).<\/p>\r\n<p>&nbsp;<\/p>\r\n<p>Email : <a href=\"mailto:jean-luc.schaus@jeitz-goerens.lu\">jean-luc.schaus@jeitz-goerens.lu<\/a><\/p>\r\n<\/div> <div class=\"symple-column symple-one-third symple-column-last \">\r\n<p>Ver\u00f6ffentlichungen:<\/p>\r\n<ol>\r\n<li><i>Sports Image Rights in Europe<\/i>, T.m.c. Asser Press, Den Haag 2005, aspects luxembourgeois du droit \u00e0 l\u2019image ;<\/li>\r\n<li><i>Players\u2019 Agents Worldwide Legal Aspects<\/i>, T.m.c. Asser Press, Den Haag 2007, aspects luxembourgeois\u00a0;<\/li>\r\n<li><i>La dissolution simplifi\u00e9e \u00e0 travers la jurisprudence luxembourgeoise, <\/i>ACE Comptabilit\u00e9, fiscalit\u00e9, audit, droits des affaires au Luxembourg, Wolters Kluwer Belgium, f\u00e9vrier 2007\u00a0;<\/li>\r\n<li><i>TV rights and Sport, Legal Aspects<\/i>, T.m.c. Asser Press, Den Haag 2009, aspects luxembourgeois ;<\/li>\r\n<li><i>La loterie en droit luxembourgeois<\/i>, in Annales du Droit Luxembourgeois, Volume 19, 2009, Bruylant, Brussels 2010 ;<\/li>\r\n<li><i>Les s\u00fbret\u00e9s r\u00e9elles sur a\u00e9ronefs en droit luxembourgeois<\/i>, in Annales du Droit Luxembourgeois, Volume 20, 2010, Bruylant, Brussels 2011 ;<\/li>\r\n<li><i>L\u2019entraide internationale en mati\u00e8re de recouvrement de l\u2019imp\u00f4t sur le revenu, \u00e9volution et perspectives<\/i>, ACE Comptabilit\u00e9, fiscalit\u00e9, audit, droit des affaires au Luxembourg, janvier 2012\u00a0;<\/li>\r\n<li><i>Les hypoth\u00e8ques l\u00e9gales occultes en droit luxembourgeois,<\/i> dans Bulletin Droit et Banque n\u00b049, ALJB, 2012\u00a0;<\/li>\r\n<li><i>Les privil\u00e8ges mobiliers en droit luxembourgeois : Le tr\u00e9sor public, le cr\u00e9ancier gagiste et les autres<\/i>, dans Annales du Droit Luxembourgeois, Volume 22, 2012, Editions Bruylant, Brussels 2014 ;<\/li>\r\n<li>La loi du 25 novembre 2014 relative \u00e0 la proc\u00e9dure d&#8217;\u00e9change d&#8217;informations sur demande en mati\u00e8re fiscale et les moyens de d\u00e9fense du justiciable. Wolters Kluwer &#8211; ACE Comptabilit\u00e9, fiscalit\u00e9, audit, droit des affaires au Luxembourg 2015\/6 ;<\/li>\r\n<li>Aircraft Liens and Detention Rights, Luxembourg Chapter, Sweet \/ Maxwell, 2016\u00a0;<\/li>\r\n<li><i>Le recouvrement des imp\u00f4ts en droit luxembourgeois et l\u2019entraide internationale en mati\u00e8re de recouvrement de l\u2019imp\u00f4t<\/i>, dans Livre jubiliaire de l\u2019International Fiscal Association Luxembourg, November 2018, Legitech Luxembourg.<\/li>\r\n<\/ol>\r\n<\/div>","protected":false},"excerpt":{"rendered":"","protected":false},"author":2,"featured_media":0,"parent":528,"menu_order":0,"comment_status":"closed","ping_status":"closed","template":"templates\/fullwidth.php","meta":{"footnotes":""},"class_list":["post-548","page","type-page","status-publish","hentry"],"_links":{"self":[{"href":"https:\/\/jeitz-goerens.lu\/de\/wp-json\/wp\/v2\/pages\/548","targetHints":{"allow":["GET"]}}],"collection":[{"href":"https:\/\/jeitz-goerens.lu\/de\/wp-json\/wp\/v2\/pages"}],"about":[{"href":"https:\/\/jeitz-goerens.lu\/de\/wp-json\/wp\/v2\/types\/page"}],"author":[{"embeddable":true,"href":"https:\/\/jeitz-goerens.lu\/de\/wp-json\/wp\/v2\/users\/2"}],"replies":[{"embeddable":true,"href":"https:\/\/jeitz-goerens.lu\/de\/wp-json\/wp\/v2\/comments?post=548"}],"version-history":[{"count":14,"href":"https:\/\/jeitz-goerens.lu\/de\/wp-json\/wp\/v2\/pages\/548\/revisions"}],"predecessor-version":[{"id":589,"href":"https:\/\/jeitz-goerens.lu\/de\/wp-json\/wp\/v2\/pages\/548\/revisions\/589"}],"up":[{"embeddable":true,"href":"https:\/\/jeitz-goerens.lu\/de\/wp-json\/wp\/v2\/pages\/528"}],"wp:attachment":[{"href":"https:\/\/jeitz-goerens.lu\/de\/wp-json\/wp\/v2\/media?parent=548"}],"curies":[{"name":"wp","href":"https:\/\/api.w.org\/{rel}","templated":true}]}}