{"id":72,"date":"2013-11-08T17:48:10","date_gmt":"2013-11-08T16:48:10","guid":{"rendered":"http:\/\/127.0.0.1:8080\/wordpress\/?page_id=72"},"modified":"2023-07-21T11:21:57","modified_gmt":"2023-07-21T09:21:57","slug":"competences","status":"publish","type":"page","link":"https:\/\/jeitz-goerens.lu\/de\/competences\/","title":{"rendered":"Kompetenzbereiche"},"content":{"rendered":"<div class=\"symple-column symple-two-third symple-column-first \">Die Anwaltskanzlei JEITZ &amp; GOERENS hat stets ein offenes Ohr f\u00fcr Ihre Belange und analysiert alle verschiedenen Aspekte und Konsequenzen Ihrer Angelegenheiten, um Ihnen individuelle und nachhaltige L\u00f6sungen aufzuzeigen. Frei nach dem Motto \u201eWo mehrere Ideen aufeinandertreffen, spr\u00fchen Funken\u201c halten die Anw\u00e4lte der Kanzlei regelm\u00e4\u00dfig Besprechungen ab, damit Sie von ihren jeweiligen Kompetenzen, Erfahrungen und Kenntnissen profitieren k\u00f6nnen. So erarbeiten wir die beste Strategie f\u00fcr Ihre Akten. Sie bauen einen direkten und vertrauensvollen Kontakt zum Anwalt Ihrer Wahl auf, der pers\u00f6nlich erreichbar ist, um Ihre Fragen zu beantworten und Sie \u00fcber alle Entwicklungen in Ihren Angelegenheiten zu informieren. Unter den folgenden Rubriken erhalten Sie einen genaueren \u00dcberblick \u00fcber unsere verschiedenen T\u00e4tigkeitsfelder: <div class=\"symple-toggle \"><h3 class=\"symple-toggle-trigger\">IMMOBILIENRECHT und BAURECHT<\/h3><div class=\"symple-toggle-container\">\n<ul>\n<li><strong>Haftung von Bauunternehmern<\/strong>: gerichtliche Gutachten, Baum\u00e4ngel, zehnj\u00e4hrige und zweij\u00e4hrige Baugew\u00e4hrleistung, Verzugsentsch\u00e4digungen;<\/li>\n<li><strong>Mietvertr\u00e4ge und Miteigentum<\/strong>: Aufsetzen von Wohn- und gewerblichen Mietvertr\u00e4gen, Beitreiben von ausstehenden Mietzahlungen, Aufl\u00f6sen von Mietvertr\u00e4gen und Wohnungsr\u00e4umungen;<\/li>\n<li><strong>An- und Verkauf von Immobilien<\/strong>: Vorvertrag, VEFA-Vertr\u00e4ge f\u00fcr im Bau befindliche Immobilien, Grundst\u00fccks- und Immobilienkauf, Werkvertr\u00e4ge, Architektenvertr\u00e4ge;<\/li>\n<li><strong>Baugenehmigungen<\/strong>: Rechtsbehelfe bei Baugenehmigungen;<\/li>\n<li><strong>Eigentumsrecht<\/strong>: Dienstbarkeiten, Grundsteinsetzung, Eigentums- und Besitzschutzklagen, Verm\u00f6gensstrukturierung;<\/li>\n<li><strong>Wohneigentumsrecht<\/strong>: Assistenz bei Generalversammlungen f\u00fcr Verwalter und Miteigent\u00fcmer, Beitreiben der Nebenkosten, Streitigkeiten in Bezug auf die Beschl\u00fcsse der Generalversammlungen;<\/li>\n<li><strong>Im Immobilienbereich t\u00e4tige Berufsgruppen<\/strong>: Rechtsberatung und \u2013vertretung f\u00fcr Immobilienmakler, Bautr\u00e4ger und Baumeister;<\/li>\n<li>\n<p style=\"display: inline !important;\"><strong>Streitigkeiten betreffend der Energieeffizienz der Geb\u00e4ude<\/strong><\/p>\n<\/li>\n<\/ul>\n<\/div><\/div> <div class=\"symple-toggle \"><h3 class=\"symple-toggle-trigger\">ZIVILRECHT<\/h3><div class=\"symple-toggle-container\">\n<ul>\n<li><strong>Vertragsrecht<\/strong>: Beratung, Verhandlung, Verfassen, Ausf\u00fchren und Aufl\u00f6sen von vertraglichen Beziehungen im Zivil- und Handelsrecht;<\/li>\n<li><strong>Zivilhaftpflicht<\/strong>: vertragliche und Delikthaftung, Erhalt von Schadensersatzforderungen;<\/li>\n<li><strong>Familienrecht<\/strong>: Erbfolgen, Scheidungen, Unterhalt;<\/li>\n<li><strong>Stra\u00dfenverkehrsrecht<\/strong>: zivilrechtliche Haftung bei Verkehrsunf\u00e4llen, Versicherungen;<\/li>\n<li><strong>Versicherungsrecht<\/strong><\/li>\n<li><strong>Medizinrecht und Gesundheitsschutzrecht<\/strong><\/li>\n<\/ul>\n<\/div><\/div> <div class=\"symple-toggle \"><h3 class=\"symple-toggle-trigger\">GESELLSCHAFTSRECHT<\/h3><div class=\"symple-toggle-container\">\n<ul>\n<li><strong>Handelsstreitigkeiten<\/strong>: allgemeine Handelsstreitigkeiten, Beitreiben von Forderungen, Pf\u00e4ndungen, Klagen zur Ausf\u00fchrung oder Aufl\u00f6sung von Handelsvertr\u00e4gen;<\/li>\n<li><strong>Gesellschaftsgr\u00fcndungen<\/strong>: Verfassen der Satzung, Verfassen von Aktion\u00e4rsvereinbarungen und Gesellschaftsvertr\u00e4gen;<\/li>\n<li><strong>Capacity opinions<\/strong>:\u00a0Erstellen von Bescheinigungen \u00fcber die Handlungsf\u00e4higkeit von Gesellschaften;<\/li>\n<li><strong>Niederlassungsgenehmigungen<\/strong>: Zusammenstellung der Unterlagen, Beantragung der Niederlassungsgenehmigung, Rechtsbehelfe gegen Ablehnungsbeschl\u00fcsse;<\/li>\n<li><strong>Sicherungsma\u00dfnahmen<\/strong>: Einsatz von einstweiligen Verwaltern, Benennung eines externen Rechnungspr\u00fcfers;<\/li>\n<li><strong>Konkurs- und Liquidationsverfahren<\/strong>: Antrag auf Er\u00f6ffnung eines Konkurs- oder Liquidationsverfahrens, R\u00fcckg\u00e4ngigmachung des Konkursverfahrens, Widerspruch gegen das gerichtliche Liquidationsverfahren;<\/li>\n<\/ul>\n<\/div><\/div> <div class=\"symple-toggle \"><h3 class=\"symple-toggle-trigger\">ARBEITSRECHT<\/h3><div class=\"symple-toggle-container\">\n<ul>\n<li><strong>Arbeitsvertr\u00e4ge<\/strong>: Verhandlung und Verfassen von Arbeitsvertr\u00e4gen;<\/li>\n<li><strong>K\u00fcndigung<\/strong>: Verfassen von K\u00fcndigungs- und Begr\u00fcndungsschreiben, Klagen bei ungerechtfertigten K\u00fcndigungen;<\/li>\n<li><strong>Au\u00dfergerichtliche Beilegung von Arbeitskonflikten<\/strong>: Verhandlung und Verfassen von Vergleichsvereinbarungen infolge von K\u00fcndigungen;<\/li>\n<\/ul>\n<\/div><\/div> <div class=\"symple-toggle \"><h3 class=\"symple-toggle-trigger\">VERWALTUNGSRECHT<\/h3><div class=\"symple-toggle-container\">\n<ul>\n<li><strong>Vertretung vor Gericht<\/strong>: Rechtsbehelfe vor den Verwaltungsgerichten;<\/li>\n<li><strong>Baurecht<\/strong>: Rechtsbehelfe bei Baugenehmigungen;<\/li>\n<li><strong>Niederlassungsrecht<\/strong>: Rechtsbehelfe bei Ablehnung der Niederlassungsgenehmigung;<\/li>\n<li><strong>Beamtenrecht<\/strong><\/li>\n<li><strong>Entziehen der Fahrerlaubnis durch die Verwaltungsbeh\u00f6rde<\/strong><\/li>\n<\/ul>\n<\/div><\/div> <div class=\"symple-toggle \"><h3 class=\"symple-toggle-trigger\">SPORTRECHT<\/h3><div class=\"symple-toggle-container\">\n<ul>\n<li><strong>Erstellung von Vertr\u00e4gen zwischen Sportler und Vereinen<\/strong><\/li>\n<li><strong>Erstellen von Vertr\u00e4gen zwischen Sportler und Agenten<\/strong><\/li>\n<li><strong>Vertretung in Gerichtsverfahren oder alternative Streibeilegung durch Mediation oder Schiedsverfahren<\/strong><\/li>\n<\/ul>\n<\/div><\/div> <div class=\"symple-toggle \"><h3 class=\"symple-toggle-trigger\">STRAFRECHT<\/h3><div class=\"symple-toggle-container\">\n<ul>\n<li><strong>Wirtschaftsstrafrecht<\/strong>: Delikte im Gesellschaftsrecht, strafrechtliche Haftung von Unternehmensleitern;<\/li>\n<li><strong>Allgemeines Strafrecht<\/strong>: Anwesenheit und Beistand bei polizeilichen Verh\u00f6ren oder Anh\u00f6rungen vor dem Untersuchungsrichter, Vorbereitung der Strafverteidigung, Vertretung und Beistand vor den Strafgerichten;<\/li>\n<li><strong>Stra\u00dfenverkehrsrecht<\/strong>: Fahrerlaubnis, Rechtsmittel gegen den Beschluss der vorl\u00e4ufigen Einbehaltung der Fahrerlaubnis, Geschwindigkeits\u00fcberschreitungen und Fahren unter dem Einfluss von Alkohol, Beschlagnahmung von Fahrzeugen;<\/li>\n<li><strong>Opferrecht<\/strong>: Auftreten als Nebenkl\u00e4ger, Erhalt von Schadensersatzanspr\u00fcchen, Betreuung und Vertretung bei der gerichtlichen Untersuchung, direkte Ladungsverfahren;<\/li>\n<\/ul>\n<\/div><\/div> <div class=\"symple-toggle \"><h3 class=\"symple-toggle-trigger\">BEITREIBEN VON FORDERUNGEN und SICHERHEITEN<\/h3><div class=\"symple-toggle-container\">\n<ul>\n<li><strong>Zahlungsaufforderungen<\/strong><\/li>\n<li><strong>Grenz\u00fcberschreitende Forderungen<\/strong>: europ\u00e4ische Vollstreckungstitel, europ\u00e4ischer Zahlungsbefehl, europ\u00e4isches Verfahren f\u00fcr geringf\u00fcgige Forderungen;<\/li>\n<li><strong>Ausf\u00fchren von Gerichtsbeschl\u00fcssen<\/strong>: Ausf\u00fchren von nationalen und internationalen Beschl\u00fcssen, Einleiten von Vollstreckbarkeitserkl\u00e4rungen;<\/li>\n<li><strong>Pf\u00e4ndungen<\/strong>: Gehaltspf\u00e4ndungen, Vollstreckungspf\u00e4ndungen, Sicherungsbeschlagnahmungen, Pf\u00e4ndungen von beweglichen k\u00f6rperlichen Sachen, Immobiliarpf\u00e4ndungen, Pf\u00e4ndung von beweglichen Sachen des Mieters;<\/li>\n<li><strong>Sicherheiten<\/strong>: B\u00fcrgschaften und Handelsb\u00fcrgschaften, Pfandrechte, Pfandsachen, Hypotheken, Garantien auf erste Anforderung;<\/li>\n<\/ul>\n<\/div><\/div> <\/div> <div class=\"symple-column symple-one-third symple-column-last \"> <img loading=\"lazy\" decoding=\"async\" class=\"alignnone size-medium wp-image-222\" src=\"\/\/jeitz-goerens.lu\/WordPress3\/wp-content\/uploads\/2013\/11\/4951JG.BAT_.LRWEB-12-300x200.jpg\" alt=\"4951JG.BAT_.LRWEB-12\" width=\"300\" height=\"200\" srcset=\"https:\/\/jeitz-goerens.lu\/WordPress3\/wp-content\/uploads\/2013\/11\/4951JG.BAT_.LRWEB-12-300x200.jpg 300w, https:\/\/jeitz-goerens.lu\/WordPress3\/wp-content\/uploads\/2013\/11\/4951JG.BAT_.LRWEB-12.jpg 1024w\" sizes=\"auto, (max-width: 300px) 100vw, 300px\" \/><a href=\"http:\/\/127.0.0.1:8080\/wordpress\/wp-content\/uploads\/2013\/11\/4951JG.BAT_.LRWEB-12.jpg\">\u00a0<\/a><img loading=\"lazy\" decoding=\"async\" class=\"alignnone size-medium wp-image-229\" src=\"\/\/jeitz-goerens.lu\/WordPress3\/wp-content\/uploads\/2013\/11\/4972JG.BAT_.LRWEB-7-300x200.jpg\" alt=\"4972JG.BAT_.LRWEB-7\" width=\"300\" height=\"200\" srcset=\"https:\/\/jeitz-goerens.lu\/WordPress3\/wp-content\/uploads\/2013\/11\/4972JG.BAT_.LRWEB-7-300x200.jpg 300w, https:\/\/jeitz-goerens.lu\/WordPress3\/wp-content\/uploads\/2013\/11\/4972JG.BAT_.LRWEB-7.jpg 1024w\" sizes=\"auto, (max-width: 300px) 100vw, 300px\" \/>\u00a0<img loading=\"lazy\" decoding=\"async\" class=\"alignnone size-medium wp-image-239\" src=\"\/\/jeitz-goerens.lu\/WordPress3\/wp-content\/uploads\/2013\/11\/5009JG.BAT_.LRWEB-5-300x200.jpg\" alt=\"5009JG.BAT_.LRWEB-5\" width=\"300\" height=\"200\" srcset=\"https:\/\/jeitz-goerens.lu\/WordPress3\/wp-content\/uploads\/2013\/11\/5009JG.BAT_.LRWEB-5-300x200.jpg 300w, https:\/\/jeitz-goerens.lu\/WordPress3\/wp-content\/uploads\/2013\/11\/5009JG.BAT_.LRWEB-5.jpg 1024w\" sizes=\"auto, (max-width: 300px) 100vw, 300px\" \/>\u00a0<img loading=\"lazy\" decoding=\"async\" class=\"alignnone size-medium wp-image-225\" src=\"\/\/jeitz-goerens.lu\/WordPress3\/wp-content\/uploads\/2013\/11\/4953JG.BAT_.LRWEB-4-300x200.jpg\" alt=\"4953JG.BAT_.LRWEB-4\" width=\"300\" height=\"200\" srcset=\"https:\/\/jeitz-goerens.lu\/WordPress3\/wp-content\/uploads\/2013\/11\/4953JG.BAT_.LRWEB-4-300x200.jpg 300w, https:\/\/jeitz-goerens.lu\/WordPress3\/wp-content\/uploads\/2013\/11\/4953JG.BAT_.LRWEB-4.jpg 1024w\" sizes=\"auto, (max-width: 300px) 100vw, 300px\" \/><\/div>","protected":false},"excerpt":{"rendered":"","protected":false},"author":2,"featured_media":0,"parent":0,"menu_order":50,"comment_status":"closed","ping_status":"closed","template":"templates\/fullwidth.php","meta":{"footnotes":""},"class_list":["post-72","page","type-page","status-publish","hentry"],"_links":{"self":[{"href":"https:\/\/jeitz-goerens.lu\/de\/wp-json\/wp\/v2\/pages\/72","targetHints":{"allow":["GET"]}}],"collection":[{"href":"https:\/\/jeitz-goerens.lu\/de\/wp-json\/wp\/v2\/pages"}],"about":[{"href":"https:\/\/jeitz-goerens.lu\/de\/wp-json\/wp\/v2\/types\/page"}],"author":[{"embeddable":true,"href":"https:\/\/jeitz-goerens.lu\/de\/wp-json\/wp\/v2\/users\/2"}],"replies":[{"embeddable":true,"href":"https:\/\/jeitz-goerens.lu\/de\/wp-json\/wp\/v2\/comments?post=72"}],"version-history":[{"count":27,"href":"https:\/\/jeitz-goerens.lu\/de\/wp-json\/wp\/v2\/pages\/72\/revisions"}],"predecessor-version":[{"id":597,"href":"https:\/\/jeitz-goerens.lu\/de\/wp-json\/wp\/v2\/pages\/72\/revisions\/597"}],"wp:attachment":[{"href":"https:\/\/jeitz-goerens.lu\/de\/wp-json\/wp\/v2\/media?parent=72"}],"curies":[{"name":"wp","href":"https:\/\/api.w.org\/{rel}","templated":true}]}}