{"id":76,"date":"2013-11-08T17:49:48","date_gmt":"2013-11-08T16:49:48","guid":{"rendered":"http:\/\/127.0.0.1:8080\/wordpress\/?page_id=76"},"modified":"2021-12-16T17:33:47","modified_gmt":"2021-12-16T16:33:47","slug":"pierre-goerens","status":"publish","type":"page","link":"https:\/\/jeitz-goerens.lu\/de\/team\/pierre-goerens\/","title":{"rendered":"Pierre GOERENS"},"content":{"rendered":"<div class=\"symple-column symple-two-third symple-column-first \"><img loading=\"lazy\" decoding=\"async\" class=\"alignnone size-full wp-image-569\" src=\"https:\/\/jeitz-goerens.lu\/WordPress3\/wp-content\/uploads\/2021\/08\/PG-1.jpg\" alt=\"\" width=\"1400\" height=\"933\" srcset=\"https:\/\/jeitz-goerens.lu\/WordPress3\/wp-content\/uploads\/2021\/08\/PG-1.jpg 1400w, https:\/\/jeitz-goerens.lu\/WordPress3\/wp-content\/uploads\/2021\/08\/PG-1-300x200.jpg 300w, https:\/\/jeitz-goerens.lu\/WordPress3\/wp-content\/uploads\/2021\/08\/PG-1-1024x682.jpg 1024w, https:\/\/jeitz-goerens.lu\/WordPress3\/wp-content\/uploads\/2021\/08\/PG-1-768x512.jpg 768w\" sizes=\"auto, (max-width: 1400px) 100vw, 1400px\" \/><\/p>\n<\/div>\n<div class=\"symple-column symple-one-third symple-column-last \">\n<p>Pierre GOERENS ist gemeinsam mit Luc JEITZ Gr\u00fcnder der Kanzlei JEITZ &amp; GOERENS. Vorher sammelte er bei einer sehr bekannten Luxemburger Kanzlei solide Erfahrungen bei Rechtsstreitigkeiten und Rechtsberatung.<\/p>\n<p>Er absolvierte einen Master in Privatrecht an der Universit\u00e4t Robert Schuman in Stra\u00dfburg sowie einen Master of Laws (LL.M.) in Europarecht an der Universit\u00e4t zu K\u00f6ln.<\/p>\n<p>Pierre\u00a0 ist haupts\u00e4chlich im Zivil- und Handelsrecht t\u00e4tig; er ber\u00e4t sowohl Unternehmen als auch Privatpersonen bei Fragen zum Haftungs- und Vertragsrecht. Au\u00dferdem ist er regelm\u00e4\u00dfig bei Angelegenheiten im Verwaltungsrecht, Arbeitsrecht, Gesellschaftsrecht und Wirtschaftsstrafrecht t\u00e4tig.<\/p>\n<p>Pierre ist Mitglied der &#8222;Employment Law Specialists Association Luxembourg&#8220; (ELSA) und ist Mitglied des\u00a0Redaktionsausschusses der\u00a0&#8222;Jurisnews &#8211; Droit p\u00e9nal et proc\u00e9dure p\u00e9nale&#8220;, herausgegeben von Larcier und \u00fcber das aktuelle Strafrecht in Luxemburg handelnd.<\/p>\n<p>Pierre spricht Luxemburgisch, Franz\u00f6sisch, Deutsch und Englisch.<\/p>\n<p>E-mail\u00a0: <a href=\"mailto:pierre.goerens@jeitz-goerens.lu\">pierre.goerens@jeitz-goerens.lu<\/a><\/p>\n<\/div>","protected":false},"excerpt":{"rendered":"","protected":false},"author":2,"featured_media":0,"parent":528,"menu_order":20,"comment_status":"closed","ping_status":"closed","template":"templates\/fullwidth.php","meta":{"footnotes":""},"class_list":["post-76","page","type-page","status-publish","hentry"],"_links":{"self":[{"href":"https:\/\/jeitz-goerens.lu\/de\/wp-json\/wp\/v2\/pages\/76","targetHints":{"allow":["GET"]}}],"collection":[{"href":"https:\/\/jeitz-goerens.lu\/de\/wp-json\/wp\/v2\/pages"}],"about":[{"href":"https:\/\/jeitz-goerens.lu\/de\/wp-json\/wp\/v2\/types\/page"}],"author":[{"embeddable":true,"href":"https:\/\/jeitz-goerens.lu\/de\/wp-json\/wp\/v2\/users\/2"}],"replies":[{"embeddable":true,"href":"https:\/\/jeitz-goerens.lu\/de\/wp-json\/wp\/v2\/comments?post=76"}],"version-history":[{"count":12,"href":"https:\/\/jeitz-goerens.lu\/de\/wp-json\/wp\/v2\/pages\/76\/revisions"}],"predecessor-version":[{"id":582,"href":"https:\/\/jeitz-goerens.lu\/de\/wp-json\/wp\/v2\/pages\/76\/revisions\/582"}],"up":[{"embeddable":true,"href":"https:\/\/jeitz-goerens.lu\/de\/wp-json\/wp\/v2\/pages\/528"}],"wp:attachment":[{"href":"https:\/\/jeitz-goerens.lu\/de\/wp-json\/wp\/v2\/media?parent=76"}],"curies":[{"name":"wp","href":"https:\/\/api.w.org\/{rel}","templated":true}]}}