{"id":78,"date":"2013-11-08T17:50:22","date_gmt":"2013-11-08T16:50:22","guid":{"rendered":"http:\/\/127.0.0.1:8080\/wordpress\/?page_id=78"},"modified":"2021-08-10T15:54:21","modified_gmt":"2021-08-10T13:54:21","slug":"luc-jeitz","status":"publish","type":"page","link":"https:\/\/jeitz-goerens.lu\/de\/team\/luc-jeitz\/","title":{"rendered":"Luc JEITZ"},"content":{"rendered":"<div class=\"symple-column symple-one-third symple-column-first \">\n<p>Luc JEITZ gr\u00fcndete seine Anwaltskanzlei im April 2011; ein Jahr sp\u00e4ter, im April 2012, kam Pierre GOERENS dazu und die aktuelle Anwaltsvereinigung wurde gegr\u00fcndet. Vor 2011 war Luc JEITZ sechs Jahre lang in einer renommierten Anwaltskanzlei in Luxemburg besch\u00e4ftigt.<\/p>\n<p>Er absolvierte einen Master in Wirtschaftsrecht an der juristischen Fakult\u00e4t Aix-en-Provence und einen Master of Laws (LL.M.) in Europarecht am Queen Mary College, University of London.<\/p>\n<p>Luc JEITZ ist seit 2005 vor Gericht zugelassen und regelm\u00e4\u00dfig in der Rechtsberatung und Vertretung vor Gericht in Zivil- und Handelssachen t\u00e4tig, insbesondere im Immobilienrecht, Vertragsrecht und Arbeitsrecht. Er ber\u00e4t Sie auch bei Verm\u00f6gensstrukturierungen und Angelegenheiten im Gesellschaftsrecht.<\/p>\n<p>Luc JEITZ ber\u00e4t Sie auf Luxemburgisch, Franz\u00f6sisch, Englisch und Deutsch und hat Grundkenntnisse in Italienisch.<\/p>\n<p>E-Mail\u00a0:\u00a0<a href=\"mailto:luc.jeitz@jeitz-goerens.lu\">luc.jeitz@jeitz-goerens.lu<\/a><\/p>\n<\/div>\n<div class=\"symple-column symple-two-third symple-column-last \"><img loading=\"lazy\" decoding=\"async\" class=\"alignnone size-full wp-image-539\" src=\"https:\/\/jeitz-goerens.lu\/WordPress3\/wp-content\/uploads\/2020\/06\/jeitz2.jpg\" alt=\"Luc Jeitz - avocat\" width=\"1500\" height=\"1000\" srcset=\"https:\/\/jeitz-goerens.lu\/WordPress3\/wp-content\/uploads\/2020\/06\/jeitz2.jpg 1500w, https:\/\/jeitz-goerens.lu\/WordPress3\/wp-content\/uploads\/2020\/06\/jeitz2-300x200.jpg 300w, https:\/\/jeitz-goerens.lu\/WordPress3\/wp-content\/uploads\/2020\/06\/jeitz2-1024x683.jpg 1024w, https:\/\/jeitz-goerens.lu\/WordPress3\/wp-content\/uploads\/2020\/06\/jeitz2-768x512.jpg 768w\" sizes=\"auto, (max-width: 1500px) 100vw, 1500px\" \/><\/div>","protected":false},"excerpt":{"rendered":"","protected":false},"author":2,"featured_media":0,"parent":528,"menu_order":10,"comment_status":"closed","ping_status":"closed","template":"templates\/fullwidth.php","meta":{"footnotes":""},"class_list":["post-78","page","type-page","status-publish","hentry"],"_links":{"self":[{"href":"https:\/\/jeitz-goerens.lu\/de\/wp-json\/wp\/v2\/pages\/78","targetHints":{"allow":["GET"]}}],"collection":[{"href":"https:\/\/jeitz-goerens.lu\/de\/wp-json\/wp\/v2\/pages"}],"about":[{"href":"https:\/\/jeitz-goerens.lu\/de\/wp-json\/wp\/v2\/types\/page"}],"author":[{"embeddable":true,"href":"https:\/\/jeitz-goerens.lu\/de\/wp-json\/wp\/v2\/users\/2"}],"replies":[{"embeddable":true,"href":"https:\/\/jeitz-goerens.lu\/de\/wp-json\/wp\/v2\/comments?post=78"}],"version-history":[{"count":14,"href":"https:\/\/jeitz-goerens.lu\/de\/wp-json\/wp\/v2\/pages\/78\/revisions"}],"predecessor-version":[{"id":544,"href":"https:\/\/jeitz-goerens.lu\/de\/wp-json\/wp\/v2\/pages\/78\/revisions\/544"}],"up":[{"embeddable":true,"href":"https:\/\/jeitz-goerens.lu\/de\/wp-json\/wp\/v2\/pages\/528"}],"wp:attachment":[{"href":"https:\/\/jeitz-goerens.lu\/de\/wp-json\/wp\/v2\/media?parent=78"}],"curies":[{"name":"wp","href":"https:\/\/api.w.org\/{rel}","templated":true}]}}