{"id":80,"date":"2013-11-08T17:50:42","date_gmt":"2013-11-08T16:50:42","guid":{"rendered":"http:\/\/127.0.0.1:8080\/wordpress\/?page_id=80"},"modified":"2021-12-16T17:36:51","modified_gmt":"2021-12-16T16:36:51","slug":"le-cabinet","status":"publish","type":"page","link":"https:\/\/jeitz-goerens.lu\/de\/le-cabinet\/","title":{"rendered":"Die Kanzlei"},"content":{"rendered":"<div class=\"symple-column symple-two-third symple-column-first \"> Die Kanzlei JEITZ &amp; GOERENS besteht derzeit aus sechs Anw\u00e4lten \u2013 <em>avocats \u00e0 la Cour<\/em> und<em> avocats<\/em>. Das Team wird zudem durch ein dynamisches Sekretariat erg\u00e4nzt. Die nationalen und internationalen Mandanten der Kanzlei JEITZ &amp; GOERENS sind in erster Linie Unternehmen und Privatpersonen, die wir zum einen vor den Luxemburger Gerichten vertreten und zum anderen individuell juristisch beraten. Wir verf\u00fcgen \u00fcber weitreichende Erfahrung in den unterschiedlichsten Rechtsbereichen, insbesondere im Immobilienrecht, Baurecht, Gesellschaftsrecht und Zivilrecht. Einen detaillierten \u00dcberblick \u00fcber unsere T\u00e4tigkeitsfelder finden Sie unter der Rubrik \u201eKompetenzbereich\u201c.<\/p>\n<p>Die Kanzlei JEITZ &amp; GOERENS hat eine \u00fcberschaubare Gr\u00f6\u00dfe und legt gro\u00dfen Wert auf den direkten Kontakt zu ihren Mandanten, die den Anwalt ihrer Wahl jederzeit direkt und pers\u00f6nlich kontaktieren k\u00f6nnen. So gew\u00e4hrleisten wir eine direkte und individuelle Betreuung Ihrer Angelegenheiten und bem\u00fchen uns, Ihre An- und R\u00fcckfragen schnellstm\u00f6glich zu beantworten. Wir beraten Sie und korrespondieren auf Luxemburgisch, Franz\u00f6sisch, Deutsch und Englisch. <\/div> <div class=\"symple-column symple-one-third symple-column-last \"><img loading=\"lazy\" decoding=\"async\" class=\"alignnone size-full wp-image-236\" style=\"line-height: 1.5em;\" src=\"\/\/jeitz-goerens.lu\/WordPress3\/wp-content\/uploads\/2013\/11\/4998JG.BAT_.LRWEB-10.jpg\" alt=\"4998JG.BAT_.LRWEB-10\" width=\"683\" height=\"1024\" srcset=\"https:\/\/jeitz-goerens.lu\/WordPress3\/wp-content\/uploads\/2013\/11\/4998JG.BAT_.LRWEB-10.jpg 683w, https:\/\/jeitz-goerens.lu\/WordPress3\/wp-content\/uploads\/2013\/11\/4998JG.BAT_.LRWEB-10-200x300.jpg 200w\" sizes=\"auto, (max-width: 683px) 100vw, 683px\" \/> <\/div> <div class=\"symple-column symple-two-third symple-column-first \"> <a href=\"\/\/jeitz-goerens.lu\/WordPress3\/wp-content\/uploads\/2013\/11\/4931JG.BAT_.LRWEB-2.jpg\"><img loading=\"lazy\" decoding=\"async\" src=\"\/\/jeitz-goerens.lu\/WordPress3\/wp-content\/uploads\/2013\/11\/4931JG.BAT_.LRWEB-2.jpg\" alt=\"4931JG.BAT_.LRWEB-2\" width=\"1024\" height=\"683\" \/><\/a> <\/div><div class=\"symple-column symple-one-third symple-column-last \"> <img loading=\"lazy\" decoding=\"async\" class=\"alignnone size-full wp-image-219\" style=\"line-height: 1.5em;\" src=\"\/\/jeitz-goerens.lu\/WordPress3\/wp-content\/uploads\/2013\/11\/4947JG.BAT_.LRWEB-13.jpg\" alt=\"4947JG.BAT_.LRWEB-13\" width=\"683\" height=\"1024\" srcset=\"https:\/\/jeitz-goerens.lu\/WordPress3\/wp-content\/uploads\/2013\/11\/4947JG.BAT_.LRWEB-13.jpg 683w, https:\/\/jeitz-goerens.lu\/WordPress3\/wp-content\/uploads\/2013\/11\/4947JG.BAT_.LRWEB-13-200x300.jpg 200w\" sizes=\"auto, (max-width: 683px) 100vw, 683px\" \/> <\/div>","protected":false},"excerpt":{"rendered":"","protected":false},"author":2,"featured_media":0,"parent":0,"menu_order":0,"comment_status":"closed","ping_status":"closed","template":"templates\/fullwidth.php","meta":{"footnotes":""},"class_list":["post-80","page","type-page","status-publish","hentry"],"_links":{"self":[{"href":"https:\/\/jeitz-goerens.lu\/de\/wp-json\/wp\/v2\/pages\/80","targetHints":{"allow":["GET"]}}],"collection":[{"href":"https:\/\/jeitz-goerens.lu\/de\/wp-json\/wp\/v2\/pages"}],"about":[{"href":"https:\/\/jeitz-goerens.lu\/de\/wp-json\/wp\/v2\/types\/page"}],"author":[{"embeddable":true,"href":"https:\/\/jeitz-goerens.lu\/de\/wp-json\/wp\/v2\/users\/2"}],"replies":[{"embeddable":true,"href":"https:\/\/jeitz-goerens.lu\/de\/wp-json\/wp\/v2\/comments?post=80"}],"version-history":[{"count":24,"href":"https:\/\/jeitz-goerens.lu\/de\/wp-json\/wp\/v2\/pages\/80\/revisions"}],"predecessor-version":[{"id":583,"href":"https:\/\/jeitz-goerens.lu\/de\/wp-json\/wp\/v2\/pages\/80\/revisions\/583"}],"wp:attachment":[{"href":"https:\/\/jeitz-goerens.lu\/de\/wp-json\/wp\/v2\/media?parent=80"}],"curies":[{"name":"wp","href":"https:\/\/api.w.org\/{rel}","templated":true}]}}