{"id":82,"date":"2013-11-08T17:51:09","date_gmt":"2013-11-08T16:51:09","guid":{"rendered":"http:\/\/127.0.0.1:8080\/wordpress\/?page_id=82"},"modified":"2020-06-12T17:12:58","modified_gmt":"2020-06-12T15:12:58","slug":"accueil","status":"publish","type":"page","link":"https:\/\/jeitz-goerens.lu\/de\/","title":{"rendered":"Startseite"},"content":{"rendered":"&nbsp;<br \/>\n<div class=\"symple-column symple-one-half symple-column-first \"> Die Anwaltskanzlei \u201eJEITZ &amp; GOERENS \u2013 avocats \u00e0 la Cour\u201c vertritt Ihre Rechte und Interessen vor den verschiedenen Luxemburger Gerichten und bietet Ihnen Rechtsberatung bei den unterschiedlichsten Themen und Fragestellungen. <\/div> <div class=\"symple-column symple-one-half symple-column-last \"> Die 2012 gegr\u00fcndete Kanzlei entstand aus dem Projekt zweier Luxemburger Anw\u00e4lten, die sich in der <em>Cit\u00e9 Judiciaire<\/em> begegneten und beschlossen, gemeinsam eine vielf\u00e4ltige und internationale Mandantschaft zu betreuen. <\/div>","protected":false},"excerpt":{"rendered":"<p>&nbsp;<\/p>\n","protected":false},"author":2,"featured_media":0,"parent":0,"menu_order":0,"comment_status":"closed","ping_status":"closed","template":"templates\/home.php","meta":{"footnotes":""},"class_list":["post-82","page","type-page","status-publish","hentry"],"_links":{"self":[{"href":"https:\/\/jeitz-goerens.lu\/de\/wp-json\/wp\/v2\/pages\/82","targetHints":{"allow":["GET"]}}],"collection":[{"href":"https:\/\/jeitz-goerens.lu\/de\/wp-json\/wp\/v2\/pages"}],"about":[{"href":"https:\/\/jeitz-goerens.lu\/de\/wp-json\/wp\/v2\/types\/page"}],"author":[{"embeddable":true,"href":"https:\/\/jeitz-goerens.lu\/de\/wp-json\/wp\/v2\/users\/2"}],"replies":[{"embeddable":true,"href":"https:\/\/jeitz-goerens.lu\/de\/wp-json\/wp\/v2\/comments?post=82"}],"version-history":[{"count":11,"href":"https:\/\/jeitz-goerens.lu\/de\/wp-json\/wp\/v2\/pages\/82\/revisions"}],"predecessor-version":[{"id":527,"href":"https:\/\/jeitz-goerens.lu\/de\/wp-json\/wp\/v2\/pages\/82\/revisions\/527"}],"wp:attachment":[{"href":"https:\/\/jeitz-goerens.lu\/de\/wp-json\/wp\/v2\/media?parent=82"}],"curies":[{"name":"wp","href":"https:\/\/api.w.org\/{rel}","templated":true}]}}