{"id":548,"date":"2021-08-10T15:39:11","date_gmt":"2021-08-10T13:39:11","guid":{"rendered":"https:\/\/jeitz-goerens.lu\/?page_id=548"},"modified":"2023-05-04T11:40:01","modified_gmt":"2023-05-04T09:40:01","slug":"jean-luc-schaus","status":"publish","type":"page","link":"https:\/\/jeitz-goerens.lu\/en\/team\/jean-luc-schaus\/","title":{"rendered":"Jean-Luc SCHAUS"},"content":{"rendered":"<div class=\"symple-column symple-two-third symple-column-first \">\r\n\r\n<figure class=\"wp-block-image\"><img decoding=\"async\" src=\"https:\/\/jeitz-goerens.lu\/WordPress3\/wp-content\/uploads\/2021\/08\/ETUDE2021_DSCF1426.jpg\" \/><br \/><\/figure>\r\n<p>&nbsp;<\/p>\r\n<p>Jean-Luc joined JEITZ &amp; GOERENS in July 2021. He specialises in corporate and commercial law, and also handles administrative disputes (including tax disputes relating to VAT and excise duties) as well as general regulatory (administrative) law.<\/p>\r\n<p>Amongst others he acts for insurance companies, energy, aviation, road transport, and industrial actors.<\/p>\r\n<p>Jean-Luc has been a member of the Luxembourg Bar since 1999 and holds a master\u2019s degree in private law from Robert Schuman University Strasbourg and an L.L.M. in commercial and corporate law from Duke Law School, Durham N.C., U.S.<\/p>\r\n<p>Jean-Luc is member of the European Air Law Association (EALA) and member of the International Fiscal Association (IFA).<\/p>\r\n<p>&nbsp;<\/p>\r\n<p>Email : <a href=\"mailto:jean-luc.schaus@jeitz-goerens.lu\">jean-luc.schaus@jeitz-goerens.lu<\/a><\/p>\r\n<\/div> <div class=\"symple-column symple-one-third symple-column-last \">\r\n<p>Publications and insights:<\/p>\r\n<ol>\r\n<li><i>Sports Image Rights in Europe<\/i>, T.m.c. Asser Press, Den Haag 2005, Luxembourg contribution on Sports Image Rights\u00a0;<\/li>\r\n<li><i>Players\u2019 Agents Worldwide Legal Aspects<\/i>, T.m.c. Asser Press, Den Haag 2007, Luxembourg contribution on Sport Players\u2019 Agents\u2019 Legal Regime\u00a0;<\/li>\r\n<li><i>La dissolution simplifi\u00e9e \u00e0 travers la jurisprudence luxembourgeoise, <\/i>ACE Comptabilit\u00e9, fiscalit\u00e9, audit, droits des affaires au Luxembourg, Wolters Kluwer Belgium, February 2007\u00a0;<\/li>\r\n<li><i>TV rights and Sport, Legal Aspects<\/i>, T.m.c. Asser Press, Den Haag 2009, Luxembourg contribution on TV Rights\u00a0;<\/li>\r\n<li><i>La loterie en droit luxembourgeois<\/i>, in Annales du Droit Luxembourgeois, Volume 19, 2009, Bruylant, Brussels 2010 (Review of Luxembourg law lotery rules)\u00a0;<\/li>\r\n<li><i>Les s\u00fbret\u00e9s r\u00e9elles sur a\u00e9ronefs en droit luxembourgeois<\/i>, in Annales du Droit Luxembourgeois, Volume 20, 2010, Bruylant, Brussels 2011 (In-depth review of\u00a0aircraft mortgage) ;<\/li>\r\n<li><i>L\u2019entraide internationale en mati\u00e8re de recouvrement de l\u2019imp\u00f4t sur le revenu, \u00e9volution et perspectives<\/i>, ACE Comptabilit\u00e9, fiscalit\u00e9, audit, droit des affaires au Luxembourg January 2012\u00a0(In-depth review of procedural aspects of international tax collaboration)\u00a0 ;<\/li>\r\n<li><i>Les hypoth\u00e8ques l\u00e9gales occultes en droit luxembourgeois,<\/i> in Bulletin Droit et Banque n\u00b049, ALJB, 2012 (In-depth review of hidden tax mortgages on real estate in Luxembourg)\u00a0;<\/li>\r\n<li><i>Les privil\u00e8ges mobiliers en droit luxembourgeois : Le tr\u00e9sor public, le cr\u00e9ancier gagiste et les autres<\/i>, in Annales du Droit Luxembourgeois, Volume 22, 2012, Editions Bruylant, Brussels 2014 ;<\/li>\r\n<li>La loi du 25 novembre 2014 relative \u00e0 la proc\u00e9dure d&#8217;\u00e9change d&#8217;informations sur demande en mati\u00e8re fiscale et les moyens de d\u00e9fense du justiciable. Wolters Kluwer &#8211; ACE Comptabilit\u00e9, fiscalit\u00e9, audit, droit des affaires au Luxembourg 2015\/6 ;<\/li>\r\n<li>Aircraft Liens and Detention Rights, Luxembourg Chapter, Sweet \/ Maxwell, 2016\u00a0;<\/li>\r\n<li><i>Le recouvrement des imp\u00f4ts en droit luxembourgeois et l\u2019entraide internationale en mati\u00e8re de recouvrement de l\u2019imp\u00f4t<\/i>, in Livre jubiliaire de l\u2019International Fiscal Association Luxembourg, November 2018, Legitech Luxembourg.<\/li>\r\n<\/ol>\r\n<\/div>","protected":false},"excerpt":{"rendered":"","protected":false},"author":2,"featured_media":0,"parent":528,"menu_order":0,"comment_status":"closed","ping_status":"closed","template":"templates\/fullwidth.php","meta":{"footnotes":""},"class_list":["post-548","page","type-page","status-publish","hentry"],"_links":{"self":[{"href":"https:\/\/jeitz-goerens.lu\/en\/wp-json\/wp\/v2\/pages\/548","targetHints":{"allow":["GET"]}}],"collection":[{"href":"https:\/\/jeitz-goerens.lu\/en\/wp-json\/wp\/v2\/pages"}],"about":[{"href":"https:\/\/jeitz-goerens.lu\/en\/wp-json\/wp\/v2\/types\/page"}],"author":[{"embeddable":true,"href":"https:\/\/jeitz-goerens.lu\/en\/wp-json\/wp\/v2\/users\/2"}],"replies":[{"embeddable":true,"href":"https:\/\/jeitz-goerens.lu\/en\/wp-json\/wp\/v2\/comments?post=548"}],"version-history":[{"count":14,"href":"https:\/\/jeitz-goerens.lu\/en\/wp-json\/wp\/v2\/pages\/548\/revisions"}],"predecessor-version":[{"id":589,"href":"https:\/\/jeitz-goerens.lu\/en\/wp-json\/wp\/v2\/pages\/548\/revisions\/589"}],"up":[{"embeddable":true,"href":"https:\/\/jeitz-goerens.lu\/en\/wp-json\/wp\/v2\/pages\/528"}],"wp:attachment":[{"href":"https:\/\/jeitz-goerens.lu\/en\/wp-json\/wp\/v2\/media?parent=548"}],"curies":[{"name":"wp","href":"https:\/\/api.w.org\/{rel}","templated":true}]}}